{"id":15,"date":"2025-03-23T14:46:16","date_gmt":"2025-03-23T13:46:16","guid":{"rendered":"https:\/\/sandrine-yoga-en-cevennes.fr\/index.php\/accueil\/"},"modified":"2025-06-01T14:45:51","modified_gmt":"2025-06-01T12:45:51","slug":"centre-de-yoga-jivanasya-bijam","status":"publish","type":"page","link":"https:\/\/sandrine-yoga-en-cevennes.fr\/","title":{"rendered":""},"content":{"rendered":"\n<div class=\"wp-block-cover alignfull is-light hestia-clear-top-padding\" style=\"min-height:807px;aspect-ratio:unset;\"><span aria-hidden=\"true\" class=\"wp-block-cover__background has-white-background-color has-background-dim-100 has-background-dim\"><\/span><div class=\"wp-block-cover__inner-container is-layout-flow wp-block-cover-is-layout-flow\"><div class=\"wp-block-image\">\n<figure class=\"aligncenter size-large\"><img loading=\"lazy\" decoding=\"async\" width=\"1024\" height=\"140\" src=\"https:\/\/sandrine-yoga-en-cevennes.fr\/wp-content\/uploads\/2025\/03\/cropped-titre-centre-bleu-e1746375548122-1024x140.png\" alt=\"Centre de yoga Jivanasya bijam\" class=\"wp-image-43\" srcset=\"https:\/\/sandrine-yoga-en-cevennes.fr\/wp-content\/uploads\/2025\/03\/cropped-titre-centre-bleu-e1746375548122-1024x140.png 1024w, https:\/\/sandrine-yoga-en-cevennes.fr\/wp-content\/uploads\/2025\/03\/cropped-titre-centre-bleu-e1746375548122-300x41.png 300w, https:\/\/sandrine-yoga-en-cevennes.fr\/wp-content\/uploads\/2025\/03\/cropped-titre-centre-bleu-e1746375548122-768x105.png 768w, https:\/\/sandrine-yoga-en-cevennes.fr\/wp-content\/uploads\/2025\/03\/cropped-titre-centre-bleu-e1746375548122-1536x210.png 1536w, https:\/\/sandrine-yoga-en-cevennes.fr\/wp-content\/uploads\/2025\/03\/cropped-titre-centre-bleu-e1746375548122.png 2000w\" sizes=\"auto, (max-width: 1024px) 100vw, 1024px\" \/><\/figure>\n<\/div>\n\n\n<h2 class=\"wp-block-heading has-text-align-center has-accent-color has-text-color has-medium-font-size\">Cours de Yoga Iyengar en C\u00e9vennes<\/h2>\n\n\n\n<p class=\"has-text-align-center has-accent-color has-text-color has-link-color has-medium-font-size wp-elements-617eddcb8015e118b2c79c44de5fd9a4\"><strong><a href=\"https:\/\/sandrine-yoga-en-cevennes.fr\/index.php\/les-cours-de-yoga\/\">Cours<\/a> de yoga individuels et collectifs selon la m\u00e9thode du yogi B.K.S Iyengar.<\/strong><\/p>\n\n\n\n<div class=\"wp-block-columns is-layout-flex wp-container-core-columns-is-layout-28f84493 wp-block-columns-is-layout-flex\">\n<div class=\"wp-block-column is-layout-flow wp-block-column-is-layout-flow\" style=\"font-size:17px;flex-basis:25%\"><div class=\"wp-block-image\">\n<figure class=\"alignright size-large is-resized\"><img loading=\"lazy\" decoding=\"async\" width=\"716\" height=\"1024\" src=\"https:\/\/sandrine-yoga-en-cevennes.fr\/wp-content\/uploads\/2025\/03\/cropped-graine5-716x1024.png\" alt=\"\" class=\"wp-image-45\" style=\"width:auto;height:200px\" srcset=\"https:\/\/sandrine-yoga-en-cevennes.fr\/wp-content\/uploads\/2025\/03\/cropped-graine5-716x1024.png 716w, https:\/\/sandrine-yoga-en-cevennes.fr\/wp-content\/uploads\/2025\/03\/cropped-graine5-210x300.png 210w, https:\/\/sandrine-yoga-en-cevennes.fr\/wp-content\/uploads\/2025\/03\/cropped-graine5-768x1098.png 768w, https:\/\/sandrine-yoga-en-cevennes.fr\/wp-content\/uploads\/2025\/03\/cropped-graine5-1074x1536.png 1074w, https:\/\/sandrine-yoga-en-cevennes.fr\/wp-content\/uploads\/2025\/03\/cropped-graine5-1432x2048.png 1432w, https:\/\/sandrine-yoga-en-cevennes.fr\/wp-content\/uploads\/2025\/03\/cropped-graine5.png 1930w\" sizes=\"auto, (max-width: 716px) 100vw, 716px\" \/><\/figure>\n<\/div><\/div>\n\n\n\n<div class=\"wp-block-column is-layout-flow wp-block-column-is-layout-flow\" style=\"font-size:17px;flex-basis:60%\">\n<p class=\"has-text-align-left has-text-color has-link-color wp-elements-5b98dc86c771056e3ddb80231e11da60\" style=\"color:#c84e03;font-size:17px;font-style:normal;font-weight:600\"><strong>Pourquoi ce nom, \u00ab\u00a0Jivanasya bijam\u00a0\u00bb ? <\/strong>J&rsquo;ai souhait\u00e9 une traduction de \u00ab\u00a0graine de vie\u00a0\u00bb en sanskrit, \u00ab\u00a0bija\u00a0\u00bb se traduisant par \u00ab\u00a0germe ou graine\u00a0\u00bb et \u00ab\u00a0Jiva\u00a0\u00bb par \u00ab\u00a0vie\u00a0\u00bb. <strong>Le yoga entretien et relance l&rsquo;\u00e9nergie vitale. <\/strong>Chaque moment de pratique s\u00e8me quelque chose pour l&rsquo;instant et pour l&rsquo;avenir.<\/p>\n\n\n\n<p class=\"has-text-align-left has-text-color has-link-color wp-elements-828ac7a27e9ce8ed5bdc9ee9da3352aa\" style=\"color:#c84e03;font-size:17px;font-style:normal;font-weight:600\">La vie est mouvement et on l&rsquo;oublie parfois. Le mouvement est ici utilis\u00e9 pour explorer tous les recoins de son \u00eatre. On retrouve la joie naturelle du mouvement, l&rsquo;\u00e9lan de la vie.<\/p>\n<\/div>\n<\/div>\n\n\n\n<div class=\"wp-block-columns container is-layout-flex wp-container-core-columns-is-layout-28f84493 wp-block-columns-is-layout-flex\">\n<div class=\"wp-block-column is-layout-flow wp-block-column-is-layout-flow\">\n<figure class=\"wp-block-gallery aligncenter has-nested-images columns-default is-cropped wp-block-gallery-1 is-layout-flex wp-block-gallery-is-layout-flex\">\n<figure class=\"wp-block-image size-full is-style-default\" id=\"wp-block-themeisle-blocks-image-0f52c57c\" style=\"margin-top:var(--wp--preset--spacing--70);margin-bottom:var(--wp--preset--spacing--70)\"><img loading=\"lazy\" decoding=\"async\" width=\"729\" height=\"509\" data-id=\"169\" src=\"https:\/\/sandrine-yoga-en-cevennes.fr\/wp-content\/uploads\/2025\/05\/bjujan.jpg\" alt=\"\" class=\"wp-image-169\" srcset=\"https:\/\/sandrine-yoga-en-cevennes.fr\/wp-content\/uploads\/2025\/05\/bjujan.jpg 729w, https:\/\/sandrine-yoga-en-cevennes.fr\/wp-content\/uploads\/2025\/05\/bjujan-300x209.jpg 300w\" sizes=\"auto, (max-width: 729px) 100vw, 729px\" \/><\/figure>\n<\/figure>\n\n\n\n<h5 class=\"wp-block-heading has-text-align-center has-accent-color has-text-color\" style=\"font-size:20px\">Un corps vivant<\/h5>\n\n\n\n<p class=\"has-text-align-center has-black-color has-text-color\" style=\"font-size:17px\">R\u00e9veiller la base de la colonne vert\u00e9brale pour entretenir la vitalit\u00e9. Tonifier et assouplir chaque partie du corps, de fa\u00e7on \u00e0 ce que le mouvement soit libre. Harmoniser la respiration.<\/p>\n\n\n\n<div style=\"height:25px\" aria-hidden=\"true\" class=\"wp-block-spacer\"><\/div>\n<\/div>\n\n\n\n<div class=\"wp-block-column is-layout-flow wp-block-column-is-layout-flow\">\n<h5 class=\"wp-block-heading has-text-align-center has-accent-color has-text-color\" style=\"margin-top:var(--wp--preset--spacing--60);margin-right:0;margin-bottom:var(--wp--preset--spacing--60);margin-left:0;font-size:20px\">Une conscience \u00e9veill\u00e9e<\/h5>\n\n\n\n<p class=\"has-text-align-center has-black-color has-text-color\" style=\"font-size:17px\">Amener sa conscience dans les moindres recoins de notre \u00eatre, qu&rsquo;il s\u2019agisse du corps physique, du mental, de la sph\u00e8re \u00e9motionnelle. Comprendre notre propre fonctionnement et celui du monde qui nous entoure.<\/p>\n\n\n\n<figure class=\"wp-block-gallery has-nested-images columns-default is-cropped wp-block-gallery-2 is-layout-flex wp-block-gallery-is-layout-flex\">\n<figure class=\"wp-block-image size-large\" id=\"wp-block-themeisle-blocks-image-56fdee3f\"><img loading=\"lazy\" decoding=\"async\" width=\"2195\" height=\"1646\" data-id=\"171\" src=\"https:\/\/sandrine-yoga-en-cevennes.fr\/wp-content\/uploads\/2025\/05\/eke-pada-prasa-edited.png\" alt=\"Eka pada urd\" class=\"wp-image-171\" srcset=\"https:\/\/sandrine-yoga-en-cevennes.fr\/wp-content\/uploads\/2025\/05\/eke-pada-prasa-edited.png 2195w, https:\/\/sandrine-yoga-en-cevennes.fr\/wp-content\/uploads\/2025\/05\/eke-pada-prasa-edited-300x225.png 300w, https:\/\/sandrine-yoga-en-cevennes.fr\/wp-content\/uploads\/2025\/05\/eke-pada-prasa-edited-1024x768.png 1024w, https:\/\/sandrine-yoga-en-cevennes.fr\/wp-content\/uploads\/2025\/05\/eke-pada-prasa-edited-768x576.png 768w, https:\/\/sandrine-yoga-en-cevennes.fr\/wp-content\/uploads\/2025\/05\/eke-pada-prasa-edited-1536x1152.png 1536w, https:\/\/sandrine-yoga-en-cevennes.fr\/wp-content\/uploads\/2025\/05\/eke-pada-prasa-edited-2048x1536.png 2048w\" sizes=\"auto, (max-width: 2195px) 100vw, 2195px\" \/><\/figure>\n<\/figure>\n<\/div>\n\n\n\n<div class=\"wp-block-column is-layout-flow wp-block-column-is-layout-flow\">\n<figure class=\"wp-block-gallery aligncenter has-nested-images columns-default is-cropped wp-block-gallery-3 is-layout-flex wp-block-gallery-is-layout-flex\">\n<figure class=\"wp-block-image size-full is-style-default\" id=\"wp-block-themeisle-blocks-image-5281d58e\" style=\"margin-top:var(--wp--preset--spacing--60);margin-right:0;margin-bottom:var(--wp--preset--spacing--60);margin-left:0\"><img loading=\"lazy\" decoding=\"async\" width=\"2196\" height=\"1777\" data-id=\"166\" src=\"https:\/\/sandrine-yoga-en-cevennes.fr\/wp-content\/uploads\/2025\/05\/assise.png\" alt=\"Assises m\u00e9ditative\" class=\"wp-image-166\" srcset=\"https:\/\/sandrine-yoga-en-cevennes.fr\/wp-content\/uploads\/2025\/05\/assise.png 2196w, https:\/\/sandrine-yoga-en-cevennes.fr\/wp-content\/uploads\/2025\/05\/assise-300x243.png 300w, https:\/\/sandrine-yoga-en-cevennes.fr\/wp-content\/uploads\/2025\/05\/assise-1024x829.png 1024w, https:\/\/sandrine-yoga-en-cevennes.fr\/wp-content\/uploads\/2025\/05\/assise-768x621.png 768w, https:\/\/sandrine-yoga-en-cevennes.fr\/wp-content\/uploads\/2025\/05\/assise-1536x1243.png 1536w, https:\/\/sandrine-yoga-en-cevennes.fr\/wp-content\/uploads\/2025\/05\/assise-2048x1657.png 2048w\" sizes=\"auto, (max-width: 2196px) 100vw, 2196px\" \/><\/figure>\n<\/figure>\n\n\n\n<h5 class=\"wp-block-heading has-text-align-center has-accent-color has-text-color\" style=\"font-size:20px\">Un esprit en paix<\/h5>\n\n\n\n<p class=\"has-text-align-center has-black-color has-text-color\" style=\"font-size:17px\">Utiliser les pratiques de concentration, respiration, m\u00e9ditation pour calmer le flux des pens\u00e9es et laisser venir les pens\u00e9es positives.<\/p>\n\n\n\n<div style=\"height:25px\" aria-hidden=\"true\" class=\"wp-block-spacer\"><\/div>\n<\/div>\n<\/div>\n<\/div><\/div>\n\n\n\n<p class=\"has-text-align-center has-text-color has-link-color has-medium-font-size wp-elements-26a95fc9a75a45aa6266d2dd4e8059e4\" style=\"color:#c84e03;font-style:normal;font-weight:700;text-decoration:underline\"><strong>CONTACT<\/strong> :<\/p>\n\n\n\n<p class=\"has-text-align-center has-text-color has-link-color wp-elements-28b7a5de7eb4a2772ec06a5e9db8ff88\" style=\"color:#c84e03;font-size:30px;font-style:normal;font-weight:700\"><strong>Sandrine DEBLOIS<\/strong><\/p>\n\n\n\n<p class=\"has-text-align-center has-text-color has-link-color wp-elements-e73e4de975f8a70c1963cc0dcc4d194e\" style=\"color:#c84e03;font-size:30px;font-style:normal;font-weight:700\"><strong>06 41 89 08 81<\/strong><\/p>\n\n\n\n<p class=\"has-text-align-center has-text-color has-link-color wp-elements-b5d6441cda0a501ac5b26a3f31af2d8d\" style=\"color:#c84e03;font-size:30px;font-style:normal;font-weight:700\"><strong>sandrine.deblois.yoga@gmail.com<\/strong><\/p>\n\n\n\n<p><\/p>\n","protected":false},"excerpt":{"rendered":"<p>CONTACT : Sandrine DEBLOIS 06 41 89 08 81 sandrine.deblois.yoga@gmail.com<\/p>\n","protected":false},"author":1,"featured_media":0,"parent":0,"menu_order":0,"comment_status":"closed","ping_status":"closed","template":"","meta":{"_themeisle_gutenberg_block_has_review":false,"footnotes":""},"class_list":["post-15","page","type-page","status-publish","hentry"],"yoast_head":"<!-- This site is optimized with the Yoast SEO plugin v25.8 - https:\/\/yoast.com\/wordpress\/plugins\/seo\/ -->\n<title>-<\/title>\n<meta name=\"description\" content=\"Le centre de yoga Jivanasya bijam, g\u00e9r\u00e9 par Sandrine Deblois, propose des cours de yoga Iyengar en C\u00e9vennes dans le Gard\" \/>\n<meta name=\"robots\" content=\"index, follow, max-snippet:-1, max-image-preview:large, max-video-preview:-1\" \/>\n<link rel=\"canonical\" href=\"https:\/\/sandrine-yoga-en-cevennes.fr\/\" \/>\n<meta property=\"og:locale\" content=\"fr_FR\" \/>\n<meta property=\"og:type\" content=\"article\" \/>\n<meta property=\"og:title\" content=\"-\" \/>\n<meta property=\"og:description\" content=\"Le centre de yoga Jivanasya bijam, g\u00e9r\u00e9 par Sandrine Deblois, propose des cours de yoga Iyengar en C\u00e9vennes dans le Gard\" \/>\n<meta property=\"og:url\" content=\"https:\/\/sandrine-yoga-en-cevennes.fr\/\" \/>\n<meta property=\"article:modified_time\" content=\"2025-06-01T12:45:51+00:00\" \/>\n<meta property=\"og:image\" content=\"http:\/\/sandrine-yoga-en-cevennes.fr\/wp-content\/uploads\/2025\/03\/cropped-titre-centre-bleu-e1746375548122-1024x140.png\" \/>\n<meta name=\"twitter:card\" content=\"summary_large_image\" \/>\n<meta name=\"twitter:label1\" content=\"Dur\u00e9e de lecture estim\u00e9e\" \/>\n\t<meta name=\"twitter:data1\" content=\"3 minutes\" \/>\n<script type=\"application\/ld+json\" class=\"yoast-schema-graph\">{\"@context\":\"https:\/\/schema.org\",\"@graph\":[{\"@type\":\"WebPage\",\"@id\":\"https:\/\/sandrine-yoga-en-cevennes.fr\/\",\"url\":\"https:\/\/sandrine-yoga-en-cevennes.fr\/\",\"name\":\"-\",\"isPartOf\":{\"@id\":\"https:\/\/sandrine-yoga-en-cevennes.fr\/#website\"},\"primaryImageOfPage\":{\"@id\":\"https:\/\/sandrine-yoga-en-cevennes.fr\/#primaryimage\"},\"image\":{\"@id\":\"https:\/\/sandrine-yoga-en-cevennes.fr\/#primaryimage\"},\"thumbnailUrl\":\"http:\/\/sandrine-yoga-en-cevennes.fr\/wp-content\/uploads\/2025\/03\/cropped-titre-centre-bleu-e1746375548122-1024x140.png\",\"datePublished\":\"2025-03-23T13:46:16+00:00\",\"dateModified\":\"2025-06-01T12:45:51+00:00\",\"description\":\"Le centre de yoga Jivanasya bijam, g\u00e9r\u00e9 par Sandrine Deblois, propose des cours de yoga Iyengar en C\u00e9vennes dans le Gard\",\"inLanguage\":\"fr-FR\",\"potentialAction\":[{\"@type\":\"ReadAction\",\"target\":[\"https:\/\/sandrine-yoga-en-cevennes.fr\/\"]}]},{\"@type\":\"ImageObject\",\"inLanguage\":\"fr-FR\",\"@id\":\"https:\/\/sandrine-yoga-en-cevennes.fr\/#primaryimage\",\"url\":\"https:\/\/sandrine-yoga-en-cevennes.fr\/wp-content\/uploads\/2025\/03\/cropped-titre-centre-bleu-e1746375548122.png\",\"contentUrl\":\"https:\/\/sandrine-yoga-en-cevennes.fr\/wp-content\/uploads\/2025\/03\/cropped-titre-centre-bleu-e1746375548122.png\",\"width\":2000,\"height\":273,\"caption\":\"Centre de yoga Jivanasya bijam\"},{\"@type\":\"WebSite\",\"@id\":\"https:\/\/sandrine-yoga-en-cevennes.fr\/#website\",\"url\":\"https:\/\/sandrine-yoga-en-cevennes.fr\/\",\"name\":\"\",\"description\":\"Yoga en C\u00e9vennes - Al\u00e8s et Saint Ambroix\",\"potentialAction\":[{\"@type\":\"SearchAction\",\"target\":{\"@type\":\"EntryPoint\",\"urlTemplate\":\"https:\/\/sandrine-yoga-en-cevennes.fr\/?s={search_term_string}\"},\"query-input\":{\"@type\":\"PropertyValueSpecification\",\"valueRequired\":true,\"valueName\":\"search_term_string\"}}],\"inLanguage\":\"fr-FR\"}]}<\/script>\n<!-- \/ Yoast SEO plugin. -->","yoast_head_json":{"title":"-","description":"Le centre de yoga Jivanasya bijam, g\u00e9r\u00e9 par Sandrine Deblois, propose des cours de yoga Iyengar en C\u00e9vennes dans le Gard","robots":{"index":"index","follow":"follow","max-snippet":"max-snippet:-1","max-image-preview":"max-image-preview:large","max-video-preview":"max-video-preview:-1"},"canonical":"https:\/\/sandrine-yoga-en-cevennes.fr\/","og_locale":"fr_FR","og_type":"article","og_title":"-","og_description":"Le centre de yoga Jivanasya bijam, g\u00e9r\u00e9 par Sandrine Deblois, propose des cours de yoga Iyengar en C\u00e9vennes dans le Gard","og_url":"https:\/\/sandrine-yoga-en-cevennes.fr\/","article_modified_time":"2025-06-01T12:45:51+00:00","og_image":[{"url":"http:\/\/sandrine-yoga-en-cevennes.fr\/wp-content\/uploads\/2025\/03\/cropped-titre-centre-bleu-e1746375548122-1024x140.png","type":"","width":"","height":""}],"twitter_card":"summary_large_image","twitter_misc":{"Dur\u00e9e de lecture estim\u00e9e":"3 minutes"},"schema":{"@context":"https:\/\/schema.org","@graph":[{"@type":"WebPage","@id":"https:\/\/sandrine-yoga-en-cevennes.fr\/","url":"https:\/\/sandrine-yoga-en-cevennes.fr\/","name":"-","isPartOf":{"@id":"https:\/\/sandrine-yoga-en-cevennes.fr\/#website"},"primaryImageOfPage":{"@id":"https:\/\/sandrine-yoga-en-cevennes.fr\/#primaryimage"},"image":{"@id":"https:\/\/sandrine-yoga-en-cevennes.fr\/#primaryimage"},"thumbnailUrl":"http:\/\/sandrine-yoga-en-cevennes.fr\/wp-content\/uploads\/2025\/03\/cropped-titre-centre-bleu-e1746375548122-1024x140.png","datePublished":"2025-03-23T13:46:16+00:00","dateModified":"2025-06-01T12:45:51+00:00","description":"Le centre de yoga Jivanasya bijam, g\u00e9r\u00e9 par Sandrine Deblois, propose des cours de yoga Iyengar en C\u00e9vennes dans le Gard","inLanguage":"fr-FR","potentialAction":[{"@type":"ReadAction","target":["https:\/\/sandrine-yoga-en-cevennes.fr\/"]}]},{"@type":"ImageObject","inLanguage":"fr-FR","@id":"https:\/\/sandrine-yoga-en-cevennes.fr\/#primaryimage","url":"https:\/\/sandrine-yoga-en-cevennes.fr\/wp-content\/uploads\/2025\/03\/cropped-titre-centre-bleu-e1746375548122.png","contentUrl":"https:\/\/sandrine-yoga-en-cevennes.fr\/wp-content\/uploads\/2025\/03\/cropped-titre-centre-bleu-e1746375548122.png","width":2000,"height":273,"caption":"Centre de yoga Jivanasya bijam"},{"@type":"WebSite","@id":"https:\/\/sandrine-yoga-en-cevennes.fr\/#website","url":"https:\/\/sandrine-yoga-en-cevennes.fr\/","name":"","description":"Yoga en C\u00e9vennes - Al\u00e8s et Saint Ambroix","potentialAction":[{"@type":"SearchAction","target":{"@type":"EntryPoint","urlTemplate":"https:\/\/sandrine-yoga-en-cevennes.fr\/?s={search_term_string}"},"query-input":{"@type":"PropertyValueSpecification","valueRequired":true,"valueName":"search_term_string"}}],"inLanguage":"fr-FR"}]}},"_links":{"self":[{"href":"https:\/\/sandrine-yoga-en-cevennes.fr\/index.php\/wp-json\/wp\/v2\/pages\/15","targetHints":{"allow":["GET"]}}],"collection":[{"href":"https:\/\/sandrine-yoga-en-cevennes.fr\/index.php\/wp-json\/wp\/v2\/pages"}],"about":[{"href":"https:\/\/sandrine-yoga-en-cevennes.fr\/index.php\/wp-json\/wp\/v2\/types\/page"}],"author":[{"embeddable":true,"href":"https:\/\/sandrine-yoga-en-cevennes.fr\/index.php\/wp-json\/wp\/v2\/users\/1"}],"replies":[{"embeddable":true,"href":"https:\/\/sandrine-yoga-en-cevennes.fr\/index.php\/wp-json\/wp\/v2\/comments?post=15"}],"version-history":[{"count":40,"href":"https:\/\/sandrine-yoga-en-cevennes.fr\/index.php\/wp-json\/wp\/v2\/pages\/15\/revisions"}],"predecessor-version":[{"id":274,"href":"https:\/\/sandrine-yoga-en-cevennes.fr\/index.php\/wp-json\/wp\/v2\/pages\/15\/revisions\/274"}],"wp:attachment":[{"href":"https:\/\/sandrine-yoga-en-cevennes.fr\/index.php\/wp-json\/wp\/v2\/media?parent=15"}],"curies":[{"name":"wp","href":"https:\/\/api.w.org\/{rel}","templated":true}]}}