{"id":7,"date":"2025-03-19T18:28:06","date_gmt":"2025-03-19T17:28:06","guid":{"rendered":"https:\/\/sandrine-yoga-en-cevennes.fr\/?page_id=7"},"modified":"2025-09-07T20:07:29","modified_gmt":"2025-09-07T18:07:29","slug":"les-cours-de-yoga","status":"publish","type":"page","link":"https:\/\/sandrine-yoga-en-cevennes.fr\/index.php\/les-cours-de-yoga\/","title":{"rendered":"Les cours de yoga"},"content":{"rendered":"\n<p><strong>RENTREE 2025 : <\/strong>Reprise des cours le mardi 16 septembre \u00e0 Saint-Ambroix, le mercredi 17 septembre \u00e0 Al\u00e8s et le mercredi 17 septembre \u00e0 Saint-Julien-les-Rosiers.<\/p>\n\n\n\n<p style=\"font-size:20px\"><strong>J&rsquo;anime plusieurs cours de yoga par semaine :<\/strong><\/p>\n\n\n\n<div class=\"wp-block-columns is-layout-flex wp-container-core-columns-is-layout-28f84493 wp-block-columns-is-layout-flex\">\n<div class=\"wp-block-column is-layout-flow wp-block-column-is-layout-flow\">\n<p class=\"has-text-align-center has-white-color has-text-color has-background has-link-color wp-elements-31e7b7c19cb5fa9f648eab7112f72ddb\" style=\"background-color:#6c098c;padding-top:var(--wp--preset--spacing--20);padding-right:var(--wp--preset--spacing--50);padding-bottom:var(--wp--preset--spacing--20);padding-left:var(--wp--preset--spacing--50);font-size:17px\"><strong>SAINT AMBROIX<\/strong><\/p>\n\n\n\n<p class=\"has-text-align-center has-text-color has-link-color wp-elements-bab3b12e623620fb06ca58dc0db184ad\" style=\"color:#6c098c\">avec<\/p>\n\n\n\n<p class=\"has-text-align-center has-text-color has-link-color wp-elements-aa205719fb1afe87aa03c128e5916c99\" style=\"color:#6c098c;font-size:20px\"><strong>L&rsquo;association Centre de Yoga Traditionnel<\/strong><\/p>\n\n\n\n<p class=\"has-text-align-center\" style=\"font-size:15px;font-style:italic;font-weight:500\">Salle de l&rsquo;ancienne \u00e9cole maternelle (Coll\u00e8ge Armand Coussens)<\/p>\n\n\n\n<p><a href=\"https:\/\/yoga-saint-ambroix.fr\/\">Lien infos<\/a><\/p>\n\n\n<div class=\"wp-block-image\">\n<figure class=\"aligncenter size-full is-resized\" style=\"margin-top:0;margin-bottom:0\"><img loading=\"lazy\" decoding=\"async\" width=\"722\" height=\"739\" src=\"https:\/\/sandrine-yoga-en-cevennes.fr\/wp-content\/uploads\/2025\/06\/logo.jpg\" alt=\"Association Centre de Yoga Traditionnel de Saint Ambroix \" class=\"wp-image-178\" style=\"width:200px\" srcset=\"https:\/\/sandrine-yoga-en-cevennes.fr\/wp-content\/uploads\/2025\/06\/logo.jpg 722w, https:\/\/sandrine-yoga-en-cevennes.fr\/wp-content\/uploads\/2025\/06\/logo-293x300.jpg 293w\" sizes=\"auto, (max-width: 722px) 100vw, 722px\" \/><\/figure>\n<\/div>\n\n\n<figure class=\"wp-block-image size-large is-resized\"><img loading=\"lazy\" decoding=\"async\" width=\"1024\" height=\"768\" src=\"https:\/\/sandrine-yoga-en-cevennes.fr\/wp-content\/uploads\/2025\/05\/IMG_20241022_171158-1024x768.jpg\" alt=\"Salle de pratique Centre de Yoga Traditionnel de Saint Ambroix\" class=\"wp-image-66\" style=\"aspect-ratio:1;object-fit:cover;width:400px\" srcset=\"https:\/\/sandrine-yoga-en-cevennes.fr\/wp-content\/uploads\/2025\/05\/IMG_20241022_171158-1024x768.jpg 1024w, https:\/\/sandrine-yoga-en-cevennes.fr\/wp-content\/uploads\/2025\/05\/IMG_20241022_171158-300x225.jpg 300w, https:\/\/sandrine-yoga-en-cevennes.fr\/wp-content\/uploads\/2025\/05\/IMG_20241022_171158-768x576.jpg 768w, https:\/\/sandrine-yoga-en-cevennes.fr\/wp-content\/uploads\/2025\/05\/IMG_20241022_171158-1536x1152.jpg 1536w, https:\/\/sandrine-yoga-en-cevennes.fr\/wp-content\/uploads\/2025\/05\/IMG_20241022_171158-2048x1536.jpg 2048w\" sizes=\"auto, (max-width: 1024px) 100vw, 1024px\" \/><\/figure>\n<\/div>\n\n\n\n<div class=\"wp-block-column is-layout-flow wp-block-column-is-layout-flow\">\n<p class=\"has-text-align-center has-white-color has-accent-background-color has-text-color has-background has-link-color wp-elements-4f26ecd2621a673dc003332f002d4a24\" style=\"border-style:none;border-width:0px;margin-top:0;margin-right:0;margin-bottom:0;margin-left:0;padding-top:var(--wp--preset--spacing--20);padding-right:var(--wp--preset--spacing--60);padding-bottom:var(--wp--preset--spacing--20);padding-left:var(--wp--preset--spacing--60);font-size:17px\"><strong>ALES<\/strong><\/p>\n\n\n\n<p class=\"has-text-align-center has-accent-color has-text-color has-link-color wp-elements-2d2a86f630663920431574fc4500dbdc\" style=\"border-style:none;border-width:0px;padding-top:0;padding-bottom:0\">avec<\/p>\n\n\n\n<p class=\"has-text-align-center has-accent-color has-text-color has-link-color wp-elements-c749613116a0ee0d4fa8b9aac4c89b60\" style=\"border-style:none;border-width:0px;padding-top:0;padding-bottom:0;font-size:20px\"><strong>L&rsquo;association C\u00e9vennes Yoga Iyengar<\/strong><\/p>\n\n\n\n<p class=\"has-text-align-center\" style=\"font-size:15px;font-style:italic;font-weight:500\">Salle de Saint Etienne d&rsquo;Alensac (Rocade, rond-point de Bagnols-sur-C\u00e8ze- suivre la rose verte)<\/p>\n\n\n\n<figure class=\"wp-block-image size-large is-resized\" style=\"margin-top:var(--wp--preset--spacing--70);margin-bottom:var(--wp--preset--spacing--70)\"><img loading=\"lazy\" decoding=\"async\" width=\"1024\" height=\"768\" src=\"https:\/\/sandrine-yoga-en-cevennes.fr\/wp-content\/uploads\/2025\/05\/IMG_20241023_104757-1024x768.jpg\" alt=\"Salle de Saint Etienne d'Alensac \u00e0 Al\u00e8s\" class=\"wp-image-64\" style=\"aspect-ratio:1;object-fit:cover;width:400px\" srcset=\"https:\/\/sandrine-yoga-en-cevennes.fr\/wp-content\/uploads\/2025\/05\/IMG_20241023_104757-1024x768.jpg 1024w, https:\/\/sandrine-yoga-en-cevennes.fr\/wp-content\/uploads\/2025\/05\/IMG_20241023_104757-300x225.jpg 300w, https:\/\/sandrine-yoga-en-cevennes.fr\/wp-content\/uploads\/2025\/05\/IMG_20241023_104757-768x576.jpg 768w, https:\/\/sandrine-yoga-en-cevennes.fr\/wp-content\/uploads\/2025\/05\/IMG_20241023_104757-1536x1152.jpg 1536w, https:\/\/sandrine-yoga-en-cevennes.fr\/wp-content\/uploads\/2025\/05\/IMG_20241023_104757-2048x1536.jpg 2048w\" sizes=\"auto, (max-width: 1024px) 100vw, 1024px\" \/><\/figure>\n\n\n\n<figure class=\"wp-block-image size-large is-resized\"><img loading=\"lazy\" decoding=\"async\" width=\"1024\" height=\"768\" src=\"https:\/\/sandrine-yoga-en-cevennes.fr\/wp-content\/uploads\/2025\/05\/IMG_20250212_084014-1024x768.jpg\" alt=\"Salle de pratique de Saint \u00c9tienne d'Alensac \u00e0 Al\u00e8s\" class=\"wp-image-69\" style=\"aspect-ratio:1;object-fit:cover;width:400px\" srcset=\"https:\/\/sandrine-yoga-en-cevennes.fr\/wp-content\/uploads\/2025\/05\/IMG_20250212_084014-1024x768.jpg 1024w, https:\/\/sandrine-yoga-en-cevennes.fr\/wp-content\/uploads\/2025\/05\/IMG_20250212_084014-300x225.jpg 300w, https:\/\/sandrine-yoga-en-cevennes.fr\/wp-content\/uploads\/2025\/05\/IMG_20250212_084014-768x576.jpg 768w, https:\/\/sandrine-yoga-en-cevennes.fr\/wp-content\/uploads\/2025\/05\/IMG_20250212_084014-1536x1152.jpg 1536w, https:\/\/sandrine-yoga-en-cevennes.fr\/wp-content\/uploads\/2025\/05\/IMG_20250212_084014-2048x1536.jpg 2048w\" sizes=\"auto, (max-width: 1024px) 100vw, 1024px\" \/><\/figure>\n<\/div>\n\n\n\n<div class=\"wp-block-column is-layout-flow wp-block-column-is-layout-flow\">\n<p class=\"has-text-align-center has-white-color has-text-color has-background has-link-color wp-elements-811ad5200665213e719e8a7d65a71d0d\" style=\"border-style:none;border-width:0px;background-color:#5b6d5b;margin-top:0;margin-right:0;margin-bottom:0;margin-left:0;padding-top:var(--wp--preset--spacing--20);padding-right:var(--wp--preset--spacing--60);padding-bottom:var(--wp--preset--spacing--20);padding-left:var(--wp--preset--spacing--60);font-size:17px\"><strong>ST JULIEN LES ROSIERS<\/strong><\/p>\n\n\n\n<p class=\"has-text-align-center has-text-color has-link-color wp-elements-84aa45740927907cd6d9595dd8546d28\" style=\"color:#5b6d5b;font-size:20px\">avec <\/p>\n\n\n\n<p class=\"has-text-align-center has-text-color has-link-color wp-elements-4f6364534811467a2b42834c48020392\" style=\"color:#5b6d5b;font-size:20px\"><strong>L&rsquo;association Yoga Bien-\u00eatre<\/strong><\/p>\n\n\n\n<p class=\"has-text-align-center has-black-color has-text-color has-link-color wp-elements-07db2af992e622cbe3b77d8bd27a4b2b\" style=\"font-size:15px;font-style:italic;font-weight:400\">J&rsquo;animerai les cours en partenariat avec Najia Begny professeure de Hatha yoga, en alternance une semaine sur deux. Salle municipale Jean Biscarat (\u00e0 c\u00f4t\u00e9 de l&rsquo;\u00e9cole primaire et de la mairie)<\/p>\n\n\n\n<div id=\"wp-block-themeisle-blocks-icon-list-988b5174\" class=\"wp-block-themeisle-blocks-icon-list\">\n<div id=\"wp-block-themeisle-blocks-icon-list-item-0047b29d\" class=\"wp-block-themeisle-blocks-icon-list-item\"><i class=\"fas fa-check wp-block-themeisle-blocks-icon-list-item-icon\"><\/i><p class=\"wp-block-themeisle-blocks-icon-list-item-content\">A Saint Julien les Rosiers :<br><strong>Le mercredi 15h30 : cours tous niveaux<\/strong><\/p><\/div>\n\n\n\n<div id=\"wp-block-themeisle-blocks-icon-list-item-c39d7fe0\" class=\"wp-block-themeisle-blocks-icon-list-item\"><i class=\"fas fa-check wp-block-themeisle-blocks-icon-list-item-icon\"><\/i><p class=\"wp-block-themeisle-blocks-icon-list-item-content\"><strong>Le mercredi 17h15 : cours tous niveaux<\/strong><\/p><\/div>\n\n\n\n<div id=\"wp-block-themeisle-blocks-icon-list-item-a47bf03d\" class=\"wp-block-themeisle-blocks-icon-list-item\"><i class=\"fas fa-check wp-block-themeisle-blocks-icon-list-item-icon\"><\/i><p class=\"wp-block-themeisle-blocks-icon-list-item-content\"><strong>Le mercredi 19h00 : cours tous niveaux<\/strong><\/p><\/div>\n\n\n\n<div id=\"wp-block-themeisle-blocks-icon-list-item-aa520006\" class=\"wp-block-themeisle-blocks-icon-list-item\"><i class=\"fas fa-check wp-block-themeisle-blocks-icon-list-item-icon\"><\/i><p class=\"wp-block-themeisle-blocks-icon-list-item-content\">Adh\u00e9sion annuelle :<\/p><\/div>\n\n\n\n<div id=\"wp-block-themeisle-blocks-icon-list-item-16fb7a77\" class=\"wp-block-themeisle-blocks-icon-list-item\"><i class=\"fas fa-check wp-block-themeisle-blocks-icon-list-item-icon\"><\/i><p class=\"wp-block-themeisle-blocks-icon-list-item-content\">Trimestre : 65\u20ac<\/p><\/div>\n<\/div>\n\n\n\n<p><\/p>\n\n\n\n<p><\/p>\n\n\n\n<p class=\"has-text-align-center has-white-color has-text-color has-background has-link-color wp-elements-8a234f8ace4a2304481c9030b262edd2\" style=\"border-style:none;border-width:0px;background-color:#c84e03;margin-top:0;margin-right:0;margin-bottom:0;margin-left:0;padding-top:var(--wp--preset--spacing--20);padding-right:var(--wp--preset--spacing--60);padding-bottom:var(--wp--preset--spacing--20);padding-left:var(--wp--preset--spacing--60);font-size:17px\"><strong>ROUSSON<\/strong><\/p>\n\n\n\n<p class=\"has-text-align-center has-text-color has-link-color wp-elements-fc75949e7f0f06d785d01ef892ad2010\" style=\"color:#c84e03;font-size:20px\"><strong>Et bient\u00f4t des cours \u00e0 Rousson, salle en cours d&rsquo;am\u00e9nagement.<\/strong>    Ouverture en 2026<\/p>\n\n\n\n<p><\/p>\n<\/div>\n<\/div>\n\n\n\n<div class=\"wp-block-columns is-layout-flex wp-container-core-columns-is-layout-28f84493 wp-block-columns-is-layout-flex\" style=\"font-size:17px\">\n<div class=\"wp-block-column is-layout-flow wp-block-column-is-layout-flow\">\n<div id=\"wp-block-themeisle-blocks-icon-list-ce76423e\" class=\"wp-block-themeisle-blocks-icon-list\">\n<div id=\"wp-block-themeisle-blocks-icon-list-item-2d3c6f16\" class=\"wp-block-themeisle-blocks-icon-list-item\"><i class=\"fas fa-angle-right wp-block-themeisle-blocks-icon-list-item-icon-custom\"><\/i><p class=\"wp-block-themeisle-blocks-icon-list-item-content\">A Saint Ambroix : <\/p><\/div>\n\n\n\n<div id=\"wp-block-themeisle-blocks-icon-list-item-1ac7862a\" class=\"wp-block-themeisle-blocks-icon-list-item\"><i class=\"fas fa-angle-right wp-block-themeisle-blocks-icon-list-item-icon-custom\"><\/i><p class=\"wp-block-themeisle-blocks-icon-list-item-content\"><strong>Le mardi \u00e0 17h30 : cours interm\u00e9diaire<\/strong><\/p><\/div>\n\n\n\n<div id=\"wp-block-themeisle-blocks-icon-list-item-5f218970\" class=\"wp-block-themeisle-blocks-icon-list-item\"><i class=\"fas fa-angle-right wp-block-themeisle-blocks-icon-list-item-icon-custom\"><\/i><p class=\"wp-block-themeisle-blocks-icon-list-item-content\"><strong>Le mardi \u00e0 19h00 : cours d\u00e9butants<\/strong><\/p><\/div>\n<\/div>\n<\/div>\n\n\n\n<div class=\"wp-block-column is-layout-flow wp-block-column-is-layout-flow\">\n<div id=\"wp-block-themeisle-blocks-icon-list-f4235b4e\" class=\"wp-block-themeisle-blocks-icon-list\">\n<div id=\"wp-block-themeisle-blocks-icon-list-item-b688e9d6\" class=\"wp-block-themeisle-blocks-icon-list-item\"><i class=\"fas fa-angle-right wp-block-themeisle-blocks-icon-list-item-icon-custom\"><\/i><p class=\"wp-block-themeisle-blocks-icon-list-item-content\">A Al\u00e8s :<\/p><\/div>\n\n\n\n<div id=\"wp-block-themeisle-blocks-icon-list-item-f45ec81f\" class=\"wp-block-themeisle-blocks-icon-list-item\"><i class=\"fas fa-angle-right wp-block-themeisle-blocks-icon-list-item-icon-custom\"><\/i><p class=\"wp-block-themeisle-blocks-icon-list-item-content\"><strong>Le mercredi 09h00 : cours tous niveaux<\/strong><\/p><\/div>\n<\/div>\n<\/div>\n\n\n\n<div class=\"wp-block-column is-layout-flow wp-block-column-is-layout-flow\"><\/div>\n<\/div>\n\n\n\n<div class=\"wp-block-columns is-layout-flex wp-container-core-columns-is-layout-28f84493 wp-block-columns-is-layout-flex\" style=\"font-size:17px\">\n<div class=\"wp-block-column is-layout-flow wp-block-column-is-layout-flow\">\n<div id=\"wp-block-themeisle-blocks-icon-list-546faaba\" class=\"wp-block-themeisle-blocks-icon-list\">\n<div id=\"wp-block-themeisle-blocks-icon-list-item-ddf4c91f\" class=\"wp-block-themeisle-blocks-icon-list-item\"><i class=\"fas fa-angle-double-right wp-block-themeisle-blocks-icon-list-item-icon\"><\/i><p class=\"wp-block-themeisle-blocks-icon-list-item-content\">Adh\u00e9sion annuelle 8\u20ac<\/p><\/div>\n\n\n\n<div id=\"wp-block-themeisle-blocks-icon-list-item-f5fb5271\" class=\"wp-block-themeisle-blocks-icon-list-item\"><i class=\"fas fa-angle-double-right wp-block-themeisle-blocks-icon-list-item-icon\"><\/i><p class=\"wp-block-themeisle-blocks-icon-list-item-content\">Cours \u00e0 l&rsquo;unit\u00e9 : 10 \u20ac<\/p><\/div>\n\n\n\n<div id=\"wp-block-themeisle-blocks-icon-list-item-4d5a1db1\" class=\"wp-block-themeisle-blocks-icon-list-item\"><i class=\"fas fa-angle-double-right wp-block-themeisle-blocks-icon-list-item-icon\"><\/i><p class=\"wp-block-themeisle-blocks-icon-list-item-content\">Trimestre  : 96 \u20ac<\/p><\/div>\n\n\n\n<div id=\"wp-block-themeisle-blocks-icon-list-item-c74f1934\" class=\"wp-block-themeisle-blocks-icon-list-item\"><i class=\"fas fa-angle-double-right wp-block-themeisle-blocks-icon-list-item-icon\"><\/i><p class=\"wp-block-themeisle-blocks-icon-list-item-content\">Ann\u00e9e : 260 \u20ac<\/p><\/div>\n<\/div>\n<\/div>\n\n\n\n<div class=\"wp-block-column is-layout-flow wp-block-column-is-layout-flow\">\n<div id=\"wp-block-themeisle-blocks-icon-list-7fcd14ac\" class=\"wp-block-themeisle-blocks-icon-list\">\n<div id=\"wp-block-themeisle-blocks-icon-list-item-6c3fd414\" class=\"wp-block-themeisle-blocks-icon-list-item\"><i class=\"fas fa-angle-double-right wp-block-themeisle-blocks-icon-list-item-icon-custom\"><\/i><p class=\"wp-block-themeisle-blocks-icon-list-item-content-custom\">Adh\u00e9sion annuelle : 10\u20ac<\/p><\/div>\n\n\n\n<div id=\"wp-block-themeisle-blocks-icon-list-item-094c223c\" class=\"wp-block-themeisle-blocks-icon-list-item\"><i class=\"fas fa-angle-double-right wp-block-themeisle-blocks-icon-list-item-icon-custom\"><\/i><p class=\"wp-block-themeisle-blocks-icon-list-item-content\">Cours \u00e0 l&rsquo;unit\u00e9 : 12 \u20ac<\/p><\/div>\n\n\n\n<div id=\"wp-block-themeisle-blocks-icon-list-item-6fa59a5f\" class=\"wp-block-themeisle-blocks-icon-list-item\"><i class=\"fas fa-angle-double-right wp-block-themeisle-blocks-icon-list-item-icon-custom\"><\/i><p class=\"wp-block-themeisle-blocks-icon-list-item-content\">Trimestre  : 110 \u20ac<\/p><\/div>\n\n\n\n<div id=\"wp-block-themeisle-blocks-icon-list-item-6ef4129c\" class=\"wp-block-themeisle-blocks-icon-list-item\"><i class=\"fas fa-angle-double-right wp-block-themeisle-blocks-icon-list-item-icon-custom\"><\/i><p class=\"wp-block-themeisle-blocks-icon-list-item-content\">Ann\u00e9e : 290 \u20ac<\/p><\/div>\n<\/div>\n<\/div>\n\n\n\n<div class=\"wp-block-column is-layout-flow wp-block-column-is-layout-flow\"><\/div>\n<\/div>\n\n\n\n<p class=\"has-text-align-center\" style=\"font-size:17px\"><strong>Les s\u00e9ances durent 01h30 &#8211;  Tout le mat\u00e9riel est pr\u00e9sent sur place et \u00e0 disposition des pratiquants. Il est conseill\u00e9 d&rsquo;utiliser son propre tapis de pratique.<\/strong><\/p>\n\n\n\n<p class=\"has-text-align-center\" style=\"font-size:17px\"><strong>Les cours d\u00e9butent par une assise, qui fait transition entre les activit\u00e9s pass\u00e9es et la pratique, elle permet de se recentrer. Une s\u00e9rie de postures est ensuite propos\u00e9e selon une th\u00e9matique diff\u00e9rente \u00e0 chaque fois : postures actives, debout, d&rsquo;extension vers l&rsquo;arri\u00e8re, de flexion, de r\u00e9cup\u00e9ration, s\u00e9ances d\u00e9di\u00e9e au pranayama&#8230; La s\u00e9ance se termine par un temps allong\u00e9 sur le dos en savasana, la posture du cadavre, temps de d\u00e9tente et d&rsquo;int\u00e9gration de la s\u00e9ance.<\/strong><\/p>\n\n\n\n<p><\/p>\n","protected":false},"excerpt":{"rendered":"<p>RENTREE 2025 : Reprise des cours le mardi 16 septembre \u00e0 Saint-Ambroix, le mercredi 17 septembre \u00e0 Al\u00e8s et le mercredi 17 septembre \u00e0 Saint-Julien-les-Rosiers. J&rsquo;anime plusieurs cours de yoga par semaine : SAINT AMBROIX avec L&rsquo;association Centre de Yoga Traditionnel Salle de l&rsquo;ancienne \u00e9cole maternelle (Coll\u00e8ge Armand Coussens) Lien [&hellip;]<\/p>\n","protected":false},"author":1,"featured_media":0,"parent":0,"menu_order":0,"comment_status":"closed","ping_status":"closed","template":"","meta":{"_themeisle_gutenberg_block_has_review":false,"footnotes":""},"class_list":["post-7","page","type-page","status-publish","hentry"],"yoast_head":"<!-- This site is optimized with the Yoast SEO plugin v25.8 - https:\/\/yoast.com\/wordpress\/plugins\/seo\/ -->\n<title>Les cours de yoga -<\/title>\n<meta name=\"description\" content=\"Les diff\u00e9rents cours de yoga que j&#039;anime \u00e0 Al\u00e8s et Saint Ambroix en C\u00e9vennes dans le Gard, salles municipales.\" \/>\n<meta name=\"robots\" content=\"index, follow, max-snippet:-1, max-image-preview:large, max-video-preview:-1\" \/>\n<link rel=\"canonical\" href=\"https:\/\/sandrine-yoga-en-cevennes.fr\/index.php\/les-cours-de-yoga\/\" \/>\n<meta property=\"og:locale\" content=\"fr_FR\" \/>\n<meta property=\"og:type\" content=\"article\" \/>\n<meta property=\"og:title\" content=\"Les cours de yoga -\" \/>\n<meta property=\"og:description\" content=\"Les diff\u00e9rents cours de yoga que j&#039;anime \u00e0 Al\u00e8s et Saint Ambroix en C\u00e9vennes dans le Gard, salles municipales.\" \/>\n<meta property=\"og:url\" content=\"https:\/\/sandrine-yoga-en-cevennes.fr\/index.php\/les-cours-de-yoga\/\" \/>\n<meta property=\"article:modified_time\" content=\"2025-09-07T18:07:29+00:00\" \/>\n<meta property=\"og:image\" content=\"https:\/\/sandrine-yoga-en-cevennes.fr\/wp-content\/uploads\/2025\/06\/logo.jpg\" \/>\n\t<meta property=\"og:image:width\" content=\"722\" \/>\n\t<meta property=\"og:image:height\" content=\"739\" \/>\n\t<meta property=\"og:image:type\" content=\"image\/jpeg\" \/>\n<meta name=\"twitter:card\" content=\"summary_large_image\" \/>\n<meta name=\"twitter:label1\" content=\"Dur\u00e9e de lecture estim\u00e9e\" \/>\n\t<meta name=\"twitter:data1\" content=\"3 minutes\" \/>\n<script type=\"application\/ld+json\" class=\"yoast-schema-graph\">{\"@context\":\"https:\/\/schema.org\",\"@graph\":[{\"@type\":\"WebPage\",\"@id\":\"https:\/\/sandrine-yoga-en-cevennes.fr\/index.php\/les-cours-de-yoga\/\",\"url\":\"https:\/\/sandrine-yoga-en-cevennes.fr\/index.php\/les-cours-de-yoga\/\",\"name\":\"Les cours de yoga -\",\"isPartOf\":{\"@id\":\"https:\/\/sandrine-yoga-en-cevennes.fr\/#website\"},\"primaryImageOfPage\":{\"@id\":\"https:\/\/sandrine-yoga-en-cevennes.fr\/index.php\/les-cours-de-yoga\/#primaryimage\"},\"image\":{\"@id\":\"https:\/\/sandrine-yoga-en-cevennes.fr\/index.php\/les-cours-de-yoga\/#primaryimage\"},\"thumbnailUrl\":\"https:\/\/sandrine-yoga-en-cevennes.fr\/wp-content\/uploads\/2025\/06\/logo.jpg\",\"datePublished\":\"2025-03-19T17:28:06+00:00\",\"dateModified\":\"2025-09-07T18:07:29+00:00\",\"description\":\"Les diff\u00e9rents cours de yoga que j'anime \u00e0 Al\u00e8s et Saint Ambroix en C\u00e9vennes dans le Gard, salles municipales.\",\"breadcrumb\":{\"@id\":\"https:\/\/sandrine-yoga-en-cevennes.fr\/index.php\/les-cours-de-yoga\/#breadcrumb\"},\"inLanguage\":\"fr-FR\",\"potentialAction\":[{\"@type\":\"ReadAction\",\"target\":[\"https:\/\/sandrine-yoga-en-cevennes.fr\/index.php\/les-cours-de-yoga\/\"]}]},{\"@type\":\"ImageObject\",\"inLanguage\":\"fr-FR\",\"@id\":\"https:\/\/sandrine-yoga-en-cevennes.fr\/index.php\/les-cours-de-yoga\/#primaryimage\",\"url\":\"https:\/\/sandrine-yoga-en-cevennes.fr\/wp-content\/uploads\/2025\/06\/logo.jpg\",\"contentUrl\":\"https:\/\/sandrine-yoga-en-cevennes.fr\/wp-content\/uploads\/2025\/06\/logo.jpg\",\"width\":722,\"height\":739},{\"@type\":\"BreadcrumbList\",\"@id\":\"https:\/\/sandrine-yoga-en-cevennes.fr\/index.php\/les-cours-de-yoga\/#breadcrumb\",\"itemListElement\":[{\"@type\":\"ListItem\",\"position\":1,\"name\":\"Accueil\",\"item\":\"https:\/\/sandrine-yoga-en-cevennes.fr\/\"},{\"@type\":\"ListItem\",\"position\":2,\"name\":\"Les cours de yoga\"}]},{\"@type\":\"WebSite\",\"@id\":\"https:\/\/sandrine-yoga-en-cevennes.fr\/#website\",\"url\":\"https:\/\/sandrine-yoga-en-cevennes.fr\/\",\"name\":\"\",\"description\":\"Yoga en C\u00e9vennes - Al\u00e8s et Saint Ambroix\",\"potentialAction\":[{\"@type\":\"SearchAction\",\"target\":{\"@type\":\"EntryPoint\",\"urlTemplate\":\"https:\/\/sandrine-yoga-en-cevennes.fr\/?s={search_term_string}\"},\"query-input\":{\"@type\":\"PropertyValueSpecification\",\"valueRequired\":true,\"valueName\":\"search_term_string\"}}],\"inLanguage\":\"fr-FR\"}]}<\/script>\n<!-- \/ Yoast SEO plugin. -->","yoast_head_json":{"title":"Les cours de yoga -","description":"Les diff\u00e9rents cours de yoga que j'anime \u00e0 Al\u00e8s et Saint Ambroix en C\u00e9vennes dans le Gard, salles municipales.","robots":{"index":"index","follow":"follow","max-snippet":"max-snippet:-1","max-image-preview":"max-image-preview:large","max-video-preview":"max-video-preview:-1"},"canonical":"https:\/\/sandrine-yoga-en-cevennes.fr\/index.php\/les-cours-de-yoga\/","og_locale":"fr_FR","og_type":"article","og_title":"Les cours de yoga -","og_description":"Les diff\u00e9rents cours de yoga que j'anime \u00e0 Al\u00e8s et Saint Ambroix en C\u00e9vennes dans le Gard, salles municipales.","og_url":"https:\/\/sandrine-yoga-en-cevennes.fr\/index.php\/les-cours-de-yoga\/","article_modified_time":"2025-09-07T18:07:29+00:00","og_image":[{"width":722,"height":739,"url":"https:\/\/sandrine-yoga-en-cevennes.fr\/wp-content\/uploads\/2025\/06\/logo.jpg","type":"image\/jpeg"}],"twitter_card":"summary_large_image","twitter_misc":{"Dur\u00e9e de lecture estim\u00e9e":"3 minutes"},"schema":{"@context":"https:\/\/schema.org","@graph":[{"@type":"WebPage","@id":"https:\/\/sandrine-yoga-en-cevennes.fr\/index.php\/les-cours-de-yoga\/","url":"https:\/\/sandrine-yoga-en-cevennes.fr\/index.php\/les-cours-de-yoga\/","name":"Les cours de yoga -","isPartOf":{"@id":"https:\/\/sandrine-yoga-en-cevennes.fr\/#website"},"primaryImageOfPage":{"@id":"https:\/\/sandrine-yoga-en-cevennes.fr\/index.php\/les-cours-de-yoga\/#primaryimage"},"image":{"@id":"https:\/\/sandrine-yoga-en-cevennes.fr\/index.php\/les-cours-de-yoga\/#primaryimage"},"thumbnailUrl":"https:\/\/sandrine-yoga-en-cevennes.fr\/wp-content\/uploads\/2025\/06\/logo.jpg","datePublished":"2025-03-19T17:28:06+00:00","dateModified":"2025-09-07T18:07:29+00:00","description":"Les diff\u00e9rents cours de yoga que j'anime \u00e0 Al\u00e8s et Saint Ambroix en C\u00e9vennes dans le Gard, salles municipales.","breadcrumb":{"@id":"https:\/\/sandrine-yoga-en-cevennes.fr\/index.php\/les-cours-de-yoga\/#breadcrumb"},"inLanguage":"fr-FR","potentialAction":[{"@type":"ReadAction","target":["https:\/\/sandrine-yoga-en-cevennes.fr\/index.php\/les-cours-de-yoga\/"]}]},{"@type":"ImageObject","inLanguage":"fr-FR","@id":"https:\/\/sandrine-yoga-en-cevennes.fr\/index.php\/les-cours-de-yoga\/#primaryimage","url":"https:\/\/sandrine-yoga-en-cevennes.fr\/wp-content\/uploads\/2025\/06\/logo.jpg","contentUrl":"https:\/\/sandrine-yoga-en-cevennes.fr\/wp-content\/uploads\/2025\/06\/logo.jpg","width":722,"height":739},{"@type":"BreadcrumbList","@id":"https:\/\/sandrine-yoga-en-cevennes.fr\/index.php\/les-cours-de-yoga\/#breadcrumb","itemListElement":[{"@type":"ListItem","position":1,"name":"Accueil","item":"https:\/\/sandrine-yoga-en-cevennes.fr\/"},{"@type":"ListItem","position":2,"name":"Les cours de yoga"}]},{"@type":"WebSite","@id":"https:\/\/sandrine-yoga-en-cevennes.fr\/#website","url":"https:\/\/sandrine-yoga-en-cevennes.fr\/","name":"","description":"Yoga en C\u00e9vennes - Al\u00e8s et Saint Ambroix","potentialAction":[{"@type":"SearchAction","target":{"@type":"EntryPoint","urlTemplate":"https:\/\/sandrine-yoga-en-cevennes.fr\/?s={search_term_string}"},"query-input":{"@type":"PropertyValueSpecification","valueRequired":true,"valueName":"search_term_string"}}],"inLanguage":"fr-FR"}]}},"_links":{"self":[{"href":"https:\/\/sandrine-yoga-en-cevennes.fr\/index.php\/wp-json\/wp\/v2\/pages\/7","targetHints":{"allow":["GET"]}}],"collection":[{"href":"https:\/\/sandrine-yoga-en-cevennes.fr\/index.php\/wp-json\/wp\/v2\/pages"}],"about":[{"href":"https:\/\/sandrine-yoga-en-cevennes.fr\/index.php\/wp-json\/wp\/v2\/types\/page"}],"author":[{"embeddable":true,"href":"https:\/\/sandrine-yoga-en-cevennes.fr\/index.php\/wp-json\/wp\/v2\/users\/1"}],"replies":[{"embeddable":true,"href":"https:\/\/sandrine-yoga-en-cevennes.fr\/index.php\/wp-json\/wp\/v2\/comments?post=7"}],"version-history":[{"count":28,"href":"https:\/\/sandrine-yoga-en-cevennes.fr\/index.php\/wp-json\/wp\/v2\/pages\/7\/revisions"}],"predecessor-version":[{"id":287,"href":"https:\/\/sandrine-yoga-en-cevennes.fr\/index.php\/wp-json\/wp\/v2\/pages\/7\/revisions\/287"}],"wp:attachment":[{"href":"https:\/\/sandrine-yoga-en-cevennes.fr\/index.php\/wp-json\/wp\/v2\/media?parent=7"}],"curies":[{"name":"wp","href":"https:\/\/api.w.org\/{rel}","templated":true}]}}